{"id":2912,"date":"2025-09-24T13:24:00","date_gmt":"2025-09-24T11:24:00","guid":{"rendered":"https:\/\/prieure-lichine.fr\/?page_id=2912"},"modified":"2025-09-24T15:58:48","modified_gmt":"2025-09-24T13:58:48","slug":"la-boutique","status":"publish","type":"page","link":"https:\/\/prieure-lichine.fr\/en\/la-boutique\/","title":{"rendered":"Shop"},"content":{"rendered":"","protected":false},"excerpt":{"rendered":"","protected":false},"author":9,"featured_media":839,"parent":0,"menu_order":0,"comment_status":"closed","ping_status":"closed","template":"templates\/tplt-boutique.php","meta":{"_acf_changed":false,"footnotes":""},"class_list":["post-2912","page","type-page","status-publish","has-post-thumbnail","hentry"],"acf":[],"yoast_head":"<!-- This site is optimized with the Yoast SEO plugin v24.2 - https:\/\/yoast.com\/wordpress\/plugins\/seo\/ -->\n<title>Les visites Prieur\u00e9-Lichine<\/title>\n<meta name=\"description\" content=\"Ateliers d\u00e9gustation, visites th\u00e9matiques, parcours sensoriels\u2026 En individuel ou en groupe, visitez le Ch\u00e2teau Prieur\u00e9-Lichine toute l\u2019ann\u00e9e\u2028\" \/>\n<meta name=\"robots\" content=\"index, follow, max-snippet:-1, max-image-preview:large, max-video-preview:-1\" \/>\n<link rel=\"canonical\" href=\"https:\/\/prieure-lichine.fr\/en\/la-boutique\/\" \/>\n<meta property=\"og:locale\" content=\"en_US\" \/>\n<meta property=\"og:type\" content=\"article\" \/>\n<meta property=\"og:title\" content=\"Les visites Prieur\u00e9-Lichine\" \/>\n<meta property=\"og:description\" content=\"Ateliers d\u00e9gustation, visites th\u00e9matiques, parcours sensoriels\u2026 En individuel ou en groupe, visitez le Ch\u00e2teau Prieur\u00e9-Lichine toute l\u2019ann\u00e9e\u2028\" \/>\n<meta property=\"og:url\" content=\"https:\/\/prieure-lichine.fr\/en\/la-boutique\/\" \/>\n<meta property=\"og:site_name\" content=\"Ch\u00e2teau Prieur\u00e9-Lichine\" \/>\n<meta property=\"article:modified_time\" content=\"2025-09-24T13:58:48+00:00\" \/>\n<meta property=\"og:image\" content=\"http:\/\/prieure-lichine.fr\/wp-content\/uploads\/2020\/08\/prieure-lichine-header-les-visites.jpg\" \/>\n\t<meta property=\"og:image:width\" content=\"2400\" \/>\n\t<meta property=\"og:image:height\" content=\"831\" \/>\n\t<meta property=\"og:image:type\" content=\"image\/jpeg\" \/>\n<meta name=\"twitter:card\" content=\"summary_large_image\" \/>\n<meta name=\"twitter:label1\" content=\"Est. reading time\" \/>\n\t<meta name=\"twitter:data1\" content=\"1 minute\" \/>\n<script type=\"application\/ld+json\" class=\"yoast-schema-graph\">{\"@context\":\"https:\/\/schema.org\",\"@graph\":[{\"@type\":\"WebPage\",\"@id\":\"https:\/\/prieure-lichine.fr\/en\/la-boutique\/\",\"url\":\"https:\/\/prieure-lichine.fr\/en\/la-boutique\/\",\"name\":\"Les visites Prieur\u00e9-Lichine\",\"isPartOf\":{\"@id\":\"https:\/\/prieure-lichine.fr\/en\/#website\"},\"primaryImageOfPage\":{\"@id\":\"https:\/\/prieure-lichine.fr\/en\/la-boutique\/#primaryimage\"},\"image\":{\"@id\":\"https:\/\/prieure-lichine.fr\/en\/la-boutique\/#primaryimage\"},\"thumbnailUrl\":\"https:\/\/prieure-lichine.fr\/wp-content\/uploads\/2020\/08\/prieure-lichine-header-les-visites.jpg\",\"datePublished\":\"2025-09-24T11:24:00+00:00\",\"dateModified\":\"2025-09-24T13:58:48+00:00\",\"description\":\"Ateliers d\u00e9gustation, visites th\u00e9matiques, parcours sensoriels\u2026 En individuel ou en groupe, visitez le Ch\u00e2teau Prieur\u00e9-Lichine toute l\u2019ann\u00e9e\\u2028\",\"breadcrumb\":{\"@id\":\"https:\/\/prieure-lichine.fr\/en\/la-boutique\/#breadcrumb\"},\"inLanguage\":\"en-US\",\"potentialAction\":[{\"@type\":\"ReadAction\",\"target\":[\"https:\/\/prieure-lichine.fr\/en\/la-boutique\/\"]}]},{\"@type\":\"ImageObject\",\"inLanguage\":\"en-US\",\"@id\":\"https:\/\/prieure-lichine.fr\/en\/la-boutique\/#primaryimage\",\"url\":\"https:\/\/prieure-lichine.fr\/wp-content\/uploads\/2020\/08\/prieure-lichine-header-les-visites.jpg\",\"contentUrl\":\"https:\/\/prieure-lichine.fr\/wp-content\/uploads\/2020\/08\/prieure-lichine-header-les-visites.jpg\",\"width\":2400,\"height\":831},{\"@type\":\"BreadcrumbList\",\"@id\":\"https:\/\/prieure-lichine.fr\/en\/la-boutique\/#breadcrumb\",\"itemListElement\":[{\"@type\":\"ListItem\",\"position\":1,\"name\":\"Accueil\",\"item\":\"https:\/\/prieure-lichine.fr\/en\/\"},{\"@type\":\"ListItem\",\"position\":2,\"name\":\"Shop\"}]},{\"@type\":\"WebSite\",\"@id\":\"https:\/\/prieure-lichine.fr\/en\/#website\",\"url\":\"https:\/\/prieure-lichine.fr\/en\/\",\"name\":\"Ch\u00e2teau Prieur\u00e9-Lichine\",\"description\":\"Grand Cru Class\u00e9 1855\",\"potentialAction\":[{\"@type\":\"SearchAction\",\"target\":{\"@type\":\"EntryPoint\",\"urlTemplate\":\"https:\/\/prieure-lichine.fr\/en\/?s={search_term_string}\"},\"query-input\":{\"@type\":\"PropertyValueSpecification\",\"valueRequired\":true,\"valueName\":\"search_term_string\"}}],\"inLanguage\":\"en-US\"}]}<\/script>\n<!-- \/ Yoast SEO plugin. -->","yoast_head_json":{"title":"Les visites Prieur\u00e9-Lichine","description":"Ateliers d\u00e9gustation, visites th\u00e9matiques, parcours sensoriels\u2026 En individuel ou en groupe, visitez le Ch\u00e2teau Prieur\u00e9-Lichine toute l\u2019ann\u00e9e\u2028","robots":{"index":"index","follow":"follow","max-snippet":"max-snippet:-1","max-image-preview":"max-image-preview:large","max-video-preview":"max-video-preview:-1"},"canonical":"https:\/\/prieure-lichine.fr\/en\/la-boutique\/","og_locale":"en_US","og_type":"article","og_title":"Les visites Prieur\u00e9-Lichine","og_description":"Ateliers d\u00e9gustation, visites th\u00e9matiques, parcours sensoriels\u2026 En individuel ou en groupe, visitez le Ch\u00e2teau Prieur\u00e9-Lichine toute l\u2019ann\u00e9e\u2028","og_url":"https:\/\/prieure-lichine.fr\/en\/la-boutique\/","og_site_name":"Ch\u00e2teau Prieur\u00e9-Lichine","article_modified_time":"2025-09-24T13:58:48+00:00","og_image":[{"width":2400,"height":831,"url":"http:\/\/prieure-lichine.fr\/wp-content\/uploads\/2020\/08\/prieure-lichine-header-les-visites.jpg","type":"image\/jpeg"}],"twitter_card":"summary_large_image","twitter_misc":{"Est. reading time":"1 minute"},"schema":{"@context":"https:\/\/schema.org","@graph":[{"@type":"WebPage","@id":"https:\/\/prieure-lichine.fr\/en\/la-boutique\/","url":"https:\/\/prieure-lichine.fr\/en\/la-boutique\/","name":"Les visites Prieur\u00e9-Lichine","isPartOf":{"@id":"https:\/\/prieure-lichine.fr\/en\/#website"},"primaryImageOfPage":{"@id":"https:\/\/prieure-lichine.fr\/en\/la-boutique\/#primaryimage"},"image":{"@id":"https:\/\/prieure-lichine.fr\/en\/la-boutique\/#primaryimage"},"thumbnailUrl":"https:\/\/prieure-lichine.fr\/wp-content\/uploads\/2020\/08\/prieure-lichine-header-les-visites.jpg","datePublished":"2025-09-24T11:24:00+00:00","dateModified":"2025-09-24T13:58:48+00:00","description":"Ateliers d\u00e9gustation, visites th\u00e9matiques, parcours sensoriels\u2026 En individuel ou en groupe, visitez le Ch\u00e2teau Prieur\u00e9-Lichine toute l\u2019ann\u00e9e\u2028","breadcrumb":{"@id":"https:\/\/prieure-lichine.fr\/en\/la-boutique\/#breadcrumb"},"inLanguage":"en-US","potentialAction":[{"@type":"ReadAction","target":["https:\/\/prieure-lichine.fr\/en\/la-boutique\/"]}]},{"@type":"ImageObject","inLanguage":"en-US","@id":"https:\/\/prieure-lichine.fr\/en\/la-boutique\/#primaryimage","url":"https:\/\/prieure-lichine.fr\/wp-content\/uploads\/2020\/08\/prieure-lichine-header-les-visites.jpg","contentUrl":"https:\/\/prieure-lichine.fr\/wp-content\/uploads\/2020\/08\/prieure-lichine-header-les-visites.jpg","width":2400,"height":831},{"@type":"BreadcrumbList","@id":"https:\/\/prieure-lichine.fr\/en\/la-boutique\/#breadcrumb","itemListElement":[{"@type":"ListItem","position":1,"name":"Accueil","item":"https:\/\/prieure-lichine.fr\/en\/"},{"@type":"ListItem","position":2,"name":"Shop"}]},{"@type":"WebSite","@id":"https:\/\/prieure-lichine.fr\/en\/#website","url":"https:\/\/prieure-lichine.fr\/en\/","name":"Ch\u00e2teau Prieur\u00e9-Lichine","description":"Grand Cru Class\u00e9 1855","potentialAction":[{"@type":"SearchAction","target":{"@type":"EntryPoint","urlTemplate":"https:\/\/prieure-lichine.fr\/en\/?s={search_term_string}"},"query-input":{"@type":"PropertyValueSpecification","valueRequired":true,"valueName":"search_term_string"}}],"inLanguage":"en-US"}]}},"_links":{"self":[{"href":"https:\/\/prieure-lichine.fr\/en\/wp-json\/wp\/v2\/pages\/2912"}],"collection":[{"href":"https:\/\/prieure-lichine.fr\/en\/wp-json\/wp\/v2\/pages"}],"about":[{"href":"https:\/\/prieure-lichine.fr\/en\/wp-json\/wp\/v2\/types\/page"}],"author":[{"embeddable":true,"href":"https:\/\/prieure-lichine.fr\/en\/wp-json\/wp\/v2\/users\/9"}],"replies":[{"embeddable":true,"href":"https:\/\/prieure-lichine.fr\/en\/wp-json\/wp\/v2\/comments?post=2912"}],"version-history":[{"count":3,"href":"https:\/\/prieure-lichine.fr\/en\/wp-json\/wp\/v2\/pages\/2912\/revisions"}],"predecessor-version":[{"id":2918,"href":"https:\/\/prieure-lichine.fr\/en\/wp-json\/wp\/v2\/pages\/2912\/revisions\/2918"}],"wp:featuredmedia":[{"embeddable":true,"href":"https:\/\/prieure-lichine.fr\/en\/wp-json\/wp\/v2\/media\/839"}],"wp:attachment":[{"href":"https:\/\/prieure-lichine.fr\/en\/wp-json\/wp\/v2\/media?parent=2912"}],"curies":[{"name":"wp","href":"https:\/\/api.w.org\/{rel}","templated":true}]}}