{"id":569,"date":"2020-09-30T21:58:28","date_gmt":"2020-09-30T19:58:28","guid":{"rendered":"http:\/\/prieure-lichine.fr\/?page_id=569"},"modified":"2023-11-09T11:41:28","modified_gmt":"2023-11-09T10:41:28","slug":"the-prieure-lichine-adventure","status":"publish","type":"page","link":"https:\/\/prieure-lichine.fr\/en\/the-prieure-lichine-adventure\/","title":{"rendered":"The Prieure\u0301-Lichine adventure"},"content":{"rendered":"","protected":false},"excerpt":{"rendered":"","protected":false},"author":1,"featured_media":760,"parent":0,"menu_order":0,"comment_status":"closed","ping_status":"closed","template":"templates\/tplt-aventure.php","meta":{"_acf_changed":false,"footnotes":""},"class_list":["post-569","page","type-page","status-publish","has-post-thumbnail","hentry"],"acf":[],"yoast_head":"<!-- This site is optimized with the Yoast SEO plugin v24.2 - https:\/\/yoast.com\/wordpress\/plugins\/seo\/ -->\n<title>The Prieure\u0301-Lichine adventure - Ch\u00e2teau Prieur\u00e9-Lichine<\/title>\n<meta name=\"robots\" content=\"index, follow, max-snippet:-1, max-image-preview:large, max-video-preview:-1\" \/>\n<link rel=\"canonical\" href=\"https:\/\/prieure-lichine.fr\/en\/the-prieure-lichine-adventure\/\" \/>\n<meta property=\"og:locale\" content=\"en_US\" \/>\n<meta property=\"og:type\" content=\"article\" \/>\n<meta property=\"og:title\" content=\"The Prieure\u0301-Lichine adventure - Ch\u00e2teau Prieur\u00e9-Lichine\" \/>\n<meta property=\"og:url\" content=\"https:\/\/prieure-lichine.fr\/en\/the-prieure-lichine-adventure\/\" \/>\n<meta property=\"og:site_name\" content=\"Ch\u00e2teau Prieur\u00e9-Lichine\" \/>\n<meta property=\"article:modified_time\" content=\"2023-11-09T10:41:28+00:00\" \/>\n<meta property=\"og:image\" content=\"http:\/\/prieure-lichine.fr\/wp-content\/uploads\/2020\/10\/header-prieure-lichine-aventure.jpg\" \/>\n\t<meta property=\"og:image:width\" content=\"2201\" \/>\n\t<meta property=\"og:image:height\" content=\"1470\" \/>\n\t<meta property=\"og:image:type\" content=\"image\/jpeg\" \/>\n<meta name=\"twitter:card\" content=\"summary_large_image\" \/>\n<script type=\"application\/ld+json\" class=\"yoast-schema-graph\">{\"@context\":\"https:\/\/schema.org\",\"@graph\":[{\"@type\":\"WebPage\",\"@id\":\"https:\/\/prieure-lichine.fr\/en\/the-prieure-lichine-adventure\/\",\"url\":\"https:\/\/prieure-lichine.fr\/en\/the-prieure-lichine-adventure\/\",\"name\":\"The Prieure\u0301-Lichine adventure - Ch\u00e2teau Prieur\u00e9-Lichine\",\"isPartOf\":{\"@id\":\"https:\/\/prieure-lichine.fr\/en\/#website\"},\"primaryImageOfPage\":{\"@id\":\"https:\/\/prieure-lichine.fr\/en\/the-prieure-lichine-adventure\/#primaryimage\"},\"image\":{\"@id\":\"https:\/\/prieure-lichine.fr\/en\/the-prieure-lichine-adventure\/#primaryimage\"},\"thumbnailUrl\":\"https:\/\/prieure-lichine.fr\/wp-content\/uploads\/2020\/10\/header-prieure-lichine-aventure.jpg\",\"datePublished\":\"2020-09-30T19:58:28+00:00\",\"dateModified\":\"2023-11-09T10:41:28+00:00\",\"breadcrumb\":{\"@id\":\"https:\/\/prieure-lichine.fr\/en\/the-prieure-lichine-adventure\/#breadcrumb\"},\"inLanguage\":\"en-US\",\"potentialAction\":[{\"@type\":\"ReadAction\",\"target\":[\"https:\/\/prieure-lichine.fr\/en\/the-prieure-lichine-adventure\/\"]}]},{\"@type\":\"ImageObject\",\"inLanguage\":\"en-US\",\"@id\":\"https:\/\/prieure-lichine.fr\/en\/the-prieure-lichine-adventure\/#primaryimage\",\"url\":\"https:\/\/prieure-lichine.fr\/wp-content\/uploads\/2020\/10\/header-prieure-lichine-aventure.jpg\",\"contentUrl\":\"https:\/\/prieure-lichine.fr\/wp-content\/uploads\/2020\/10\/header-prieure-lichine-aventure.jpg\",\"width\":2201,\"height\":1470},{\"@type\":\"BreadcrumbList\",\"@id\":\"https:\/\/prieure-lichine.fr\/en\/the-prieure-lichine-adventure\/#breadcrumb\",\"itemListElement\":[{\"@type\":\"ListItem\",\"position\":1,\"name\":\"Accueil\",\"item\":\"https:\/\/prieure-lichine.fr\/en\/\"},{\"@type\":\"ListItem\",\"position\":2,\"name\":\"The Prieure\u0301-Lichine adventure\"}]},{\"@type\":\"WebSite\",\"@id\":\"https:\/\/prieure-lichine.fr\/en\/#website\",\"url\":\"https:\/\/prieure-lichine.fr\/en\/\",\"name\":\"Ch\u00e2teau Prieur\u00e9-Lichine\",\"description\":\"Grand Cru Class\u00e9 1855\",\"potentialAction\":[{\"@type\":\"SearchAction\",\"target\":{\"@type\":\"EntryPoint\",\"urlTemplate\":\"https:\/\/prieure-lichine.fr\/en\/?s={search_term_string}\"},\"query-input\":{\"@type\":\"PropertyValueSpecification\",\"valueRequired\":true,\"valueName\":\"search_term_string\"}}],\"inLanguage\":\"en-US\"}]}<\/script>\n<!-- \/ Yoast SEO plugin. -->","yoast_head_json":{"title":"The Prieure\u0301-Lichine adventure - Ch\u00e2teau Prieur\u00e9-Lichine","robots":{"index":"index","follow":"follow","max-snippet":"max-snippet:-1","max-image-preview":"max-image-preview:large","max-video-preview":"max-video-preview:-1"},"canonical":"https:\/\/prieure-lichine.fr\/en\/the-prieure-lichine-adventure\/","og_locale":"en_US","og_type":"article","og_title":"The Prieure\u0301-Lichine adventure - Ch\u00e2teau Prieur\u00e9-Lichine","og_url":"https:\/\/prieure-lichine.fr\/en\/the-prieure-lichine-adventure\/","og_site_name":"Ch\u00e2teau Prieur\u00e9-Lichine","article_modified_time":"2023-11-09T10:41:28+00:00","og_image":[{"width":2201,"height":1470,"url":"http:\/\/prieure-lichine.fr\/wp-content\/uploads\/2020\/10\/header-prieure-lichine-aventure.jpg","type":"image\/jpeg"}],"twitter_card":"summary_large_image","schema":{"@context":"https:\/\/schema.org","@graph":[{"@type":"WebPage","@id":"https:\/\/prieure-lichine.fr\/en\/the-prieure-lichine-adventure\/","url":"https:\/\/prieure-lichine.fr\/en\/the-prieure-lichine-adventure\/","name":"The Prieure\u0301-Lichine adventure - Ch\u00e2teau Prieur\u00e9-Lichine","isPartOf":{"@id":"https:\/\/prieure-lichine.fr\/en\/#website"},"primaryImageOfPage":{"@id":"https:\/\/prieure-lichine.fr\/en\/the-prieure-lichine-adventure\/#primaryimage"},"image":{"@id":"https:\/\/prieure-lichine.fr\/en\/the-prieure-lichine-adventure\/#primaryimage"},"thumbnailUrl":"https:\/\/prieure-lichine.fr\/wp-content\/uploads\/2020\/10\/header-prieure-lichine-aventure.jpg","datePublished":"2020-09-30T19:58:28+00:00","dateModified":"2023-11-09T10:41:28+00:00","breadcrumb":{"@id":"https:\/\/prieure-lichine.fr\/en\/the-prieure-lichine-adventure\/#breadcrumb"},"inLanguage":"en-US","potentialAction":[{"@type":"ReadAction","target":["https:\/\/prieure-lichine.fr\/en\/the-prieure-lichine-adventure\/"]}]},{"@type":"ImageObject","inLanguage":"en-US","@id":"https:\/\/prieure-lichine.fr\/en\/the-prieure-lichine-adventure\/#primaryimage","url":"https:\/\/prieure-lichine.fr\/wp-content\/uploads\/2020\/10\/header-prieure-lichine-aventure.jpg","contentUrl":"https:\/\/prieure-lichine.fr\/wp-content\/uploads\/2020\/10\/header-prieure-lichine-aventure.jpg","width":2201,"height":1470},{"@type":"BreadcrumbList","@id":"https:\/\/prieure-lichine.fr\/en\/the-prieure-lichine-adventure\/#breadcrumb","itemListElement":[{"@type":"ListItem","position":1,"name":"Accueil","item":"https:\/\/prieure-lichine.fr\/en\/"},{"@type":"ListItem","position":2,"name":"The Prieure\u0301-Lichine adventure"}]},{"@type":"WebSite","@id":"https:\/\/prieure-lichine.fr\/en\/#website","url":"https:\/\/prieure-lichine.fr\/en\/","name":"Ch\u00e2teau Prieur\u00e9-Lichine","description":"Grand Cru Class\u00e9 1855","potentialAction":[{"@type":"SearchAction","target":{"@type":"EntryPoint","urlTemplate":"https:\/\/prieure-lichine.fr\/en\/?s={search_term_string}"},"query-input":{"@type":"PropertyValueSpecification","valueRequired":true,"valueName":"search_term_string"}}],"inLanguage":"en-US"}]}},"_links":{"self":[{"href":"https:\/\/prieure-lichine.fr\/en\/wp-json\/wp\/v2\/pages\/569"}],"collection":[{"href":"https:\/\/prieure-lichine.fr\/en\/wp-json\/wp\/v2\/pages"}],"about":[{"href":"https:\/\/prieure-lichine.fr\/en\/wp-json\/wp\/v2\/types\/page"}],"author":[{"embeddable":true,"href":"https:\/\/prieure-lichine.fr\/en\/wp-json\/wp\/v2\/users\/1"}],"replies":[{"embeddable":true,"href":"https:\/\/prieure-lichine.fr\/en\/wp-json\/wp\/v2\/comments?post=569"}],"version-history":[{"count":10,"href":"https:\/\/prieure-lichine.fr\/en\/wp-json\/wp\/v2\/pages\/569\/revisions"}],"predecessor-version":[{"id":2759,"href":"https:\/\/prieure-lichine.fr\/en\/wp-json\/wp\/v2\/pages\/569\/revisions\/2759"}],"wp:featuredmedia":[{"embeddable":true,"href":"https:\/\/prieure-lichine.fr\/en\/wp-json\/wp\/v2\/media\/760"}],"wp:attachment":[{"href":"https:\/\/prieure-lichine.fr\/en\/wp-json\/wp\/v2\/media?parent=569"}],"curies":[{"name":"wp","href":"https:\/\/api.w.org\/{rel}","templated":true}]}}